{"id":3854,"date":"2020-12-18T07:53:01","date_gmt":"2020-12-18T06:53:01","guid":{"rendered":"http:\/\/unsere-natur.art\/?page_id=3854"},"modified":"2022-02-01T06:31:28","modified_gmt":"2022-02-01T05:31:28","slug":"wasser-und-land","status":"publish","type":"page","link":"https:\/\/unsere-natur.art\/en\/wasser-und-land\/","title":{"rendered":"Landscapes"},"content":{"rendered":"\n<div class=\"wp-block-image\"><figure class=\"aligncenter size-large is-resized\"><img loading=\"lazy\" decoding=\"async\" src=\"http:\/\/unsere-natur.art\/wp-content\/uploads\/2022\/02\/IMG_5701-1024x765.jpg\" alt=\"\" class=\"wp-image-4803\" width=\"512\" height=\"383\" srcset=\"https:\/\/unsere-natur.art\/wp-content\/uploads\/2022\/02\/IMG_5701-1024x765.jpg 1024w, https:\/\/unsere-natur.art\/wp-content\/uploads\/2022\/02\/IMG_5701-300x224.jpg 300w, https:\/\/unsere-natur.art\/wp-content\/uploads\/2022\/02\/IMG_5701-768x574.jpg 768w, https:\/\/unsere-natur.art\/wp-content\/uploads\/2022\/02\/IMG_5701-1536x1148.jpg 1536w, https:\/\/unsere-natur.art\/wp-content\/uploads\/2022\/02\/IMG_5701-2048x1531.jpg 2048w\" sizes=\"auto, (max-width: 512px) 100vw, 512px\" \/><figcaption>&#8220;K\u00f6nigin im Schlo\u00dfpark&#8221; &#8211; \u00d6l auf Hartfaserplatte &#8211; 30\/40cm &#8211; 2022<\/figcaption><\/figure><\/div>\n\n\n\n<div class=\"wp-block-image\"><figure class=\"aligncenter size-large is-resized\"><img loading=\"lazy\" decoding=\"async\" src=\"http:\/\/unsere-natur.art\/wp-content\/uploads\/2022\/01\/IMG_5654-1024x728.jpg\" alt=\"\" class=\"wp-image-4662\" width=\"512\" height=\"364\" srcset=\"https:\/\/unsere-natur.art\/wp-content\/uploads\/2022\/01\/IMG_5654-1024x728.jpg 1024w, https:\/\/unsere-natur.art\/wp-content\/uploads\/2022\/01\/IMG_5654-300x213.jpg 300w, https:\/\/unsere-natur.art\/wp-content\/uploads\/2022\/01\/IMG_5654-768x546.jpg 768w, https:\/\/unsere-natur.art\/wp-content\/uploads\/2022\/01\/IMG_5654-1536x1092.jpg 1536w, https:\/\/unsere-natur.art\/wp-content\/uploads\/2022\/01\/IMG_5654-2048x1457.jpg 2048w\" sizes=\"auto, (max-width: 512px) 100vw, 512px\" \/><figcaption>&#8220;Ziegenhals III&#8221; &#8211; \u00d6l auf Hartfaserplatte &#8211; 50\/70cm &#8211; 2022<\/figcaption><\/figure><\/div>\n\n\n\n<div class=\"wp-block-image\"><figure class=\"aligncenter size-large is-resized\"><img loading=\"lazy\" decoding=\"async\" src=\"http:\/\/unsere-natur.art\/wp-content\/uploads\/2022\/01\/IMG_5450-1024x757.jpg\" alt=\"\" class=\"wp-image-4686\" width=\"512\" height=\"379\" srcset=\"https:\/\/unsere-natur.art\/wp-content\/uploads\/2022\/01\/IMG_5450-1024x757.jpg 1024w, https:\/\/unsere-natur.art\/wp-content\/uploads\/2022\/01\/IMG_5450-300x222.jpg 300w, https:\/\/unsere-natur.art\/wp-content\/uploads\/2022\/01\/IMG_5450-768x568.jpg 768w, https:\/\/unsere-natur.art\/wp-content\/uploads\/2022\/01\/IMG_5450-1536x1135.jpg 1536w, https:\/\/unsere-natur.art\/wp-content\/uploads\/2022\/01\/IMG_5450-2048x1514.jpg 2048w\" sizes=\"auto, (max-width: 512px) 100vw, 512px\" \/><figcaption>&#8220;Werderflie\u00df&#8221; &#8211; \u00d6l auf Hartfaserplatte &#8211; 30\/40cm &#8211; 2021<\/figcaption><\/figure><\/div>\n\n\n\n<div class=\"wp-block-image\"><figure class=\"aligncenter size-large is-resized\"><img loading=\"lazy\" decoding=\"async\" src=\"http:\/\/unsere-natur.art\/wp-content\/uploads\/2022\/01\/IMG_5289-1024x764.jpg\" alt=\"\" class=\"wp-image-4688\" width=\"512\" height=\"382\" srcset=\"https:\/\/unsere-natur.art\/wp-content\/uploads\/2022\/01\/IMG_5289-1024x764.jpg 1024w, https:\/\/unsere-natur.art\/wp-content\/uploads\/2022\/01\/IMG_5289-300x224.jpg 300w, https:\/\/unsere-natur.art\/wp-content\/uploads\/2022\/01\/IMG_5289-768x573.jpg 768w, https:\/\/unsere-natur.art\/wp-content\/uploads\/2022\/01\/IMG_5289-1536x1146.jpg 1536w, https:\/\/unsere-natur.art\/wp-content\/uploads\/2022\/01\/IMG_5289-2048x1528.jpg 2048w\" sizes=\"auto, (max-width: 512px) 100vw, 512px\" \/><figcaption>&#8220;Ziegenhals II&#8221; &#8211; \u00d6l auf Hartfaserplatte &#8211; 30\/40cm &#8211; 2021<\/figcaption><\/figure><\/div>\n\n\n\n<div class=\"wp-block-image\"><figure class=\"aligncenter size-large is-resized\"><img loading=\"lazy\" decoding=\"async\" src=\"http:\/\/unsere-natur.art\/wp-content\/uploads\/2022\/01\/IMG_5335-1024x779.jpg\" alt=\"\" class=\"wp-image-4690\" width=\"512\" height=\"390\" srcset=\"https:\/\/unsere-natur.art\/wp-content\/uploads\/2022\/01\/IMG_5335-1024x779.jpg 1024w, https:\/\/unsere-natur.art\/wp-content\/uploads\/2022\/01\/IMG_5335-300x228.jpg 300w, https:\/\/unsere-natur.art\/wp-content\/uploads\/2022\/01\/IMG_5335-768x584.jpg 768w, https:\/\/unsere-natur.art\/wp-content\/uploads\/2022\/01\/IMG_5335-1536x1168.jpg 1536w, https:\/\/unsere-natur.art\/wp-content\/uploads\/2022\/01\/IMG_5335-2048x1558.jpg 2048w\" sizes=\"auto, (max-width: 512px) 100vw, 512px\" \/><figcaption>&#8220;M\u00fchlenflie\u00df \/ Alte M\u00fchle&#8221; &#8211; \u00d6l auf Hartfaserplatte &#8211; 30\/40cm &#8211; 2021<\/figcaption><\/figure><\/div>\n\n\n\n<div class=\"wp-block-image\"><figure class=\"aligncenter size-large is-resized\"><img loading=\"lazy\" decoding=\"async\" src=\"http:\/\/unsere-natur.art\/wp-content\/uploads\/2022\/01\/IMG_5461-1024x777.jpg\" alt=\"\" class=\"wp-image-4687\" width=\"512\" height=\"389\" srcset=\"https:\/\/unsere-natur.art\/wp-content\/uploads\/2022\/01\/IMG_5461-1024x777.jpg 1024w, https:\/\/unsere-natur.art\/wp-content\/uploads\/2022\/01\/IMG_5461-300x228.jpg 300w, https:\/\/unsere-natur.art\/wp-content\/uploads\/2022\/01\/IMG_5461-768x583.jpg 768w, https:\/\/unsere-natur.art\/wp-content\/uploads\/2022\/01\/IMG_5461-1536x1166.jpg 1536w, https:\/\/unsere-natur.art\/wp-content\/uploads\/2022\/01\/IMG_5461-2048x1554.jpg 2048w\" sizes=\"auto, (max-width: 512px) 100vw, 512px\" \/><figcaption>&#8220;M\u00fchlenflie\u00df am Klobichsee&#8221; &#8211; \u00d6l auf Hartfaserplatte &#8211; 30\/40cm &#8211; 2021<\/figcaption><\/figure><\/div>\n\n\n\n<div class=\"wp-block-image\"><figure class=\"aligncenter size-large is-resized\"><img loading=\"lazy\" decoding=\"async\" src=\"http:\/\/unsere-natur.art\/wp-content\/uploads\/2022\/01\/IMG_5252-1024x759.jpg\" alt=\"\" class=\"wp-image-4689\" width=\"512\" height=\"380\" srcset=\"https:\/\/unsere-natur.art\/wp-content\/uploads\/2022\/01\/IMG_5252-1024x759.jpg 1024w, https:\/\/unsere-natur.art\/wp-content\/uploads\/2022\/01\/IMG_5252-300x223.jpg 300w, https:\/\/unsere-natur.art\/wp-content\/uploads\/2022\/01\/IMG_5252-768x570.jpg 768w, https:\/\/unsere-natur.art\/wp-content\/uploads\/2022\/01\/IMG_5252-1536x1139.jpg 1536w, https:\/\/unsere-natur.art\/wp-content\/uploads\/2022\/01\/IMG_5252-2048x1519.jpg 2048w\" sizes=\"auto, (max-width: 512px) 100vw, 512px\" \/><figcaption>&#8220;Ziegenhals I&#8221; &#8211; \u00d6l auf Hartfaserplatte &#8211; 30\/40cm &#8211; 2021<\/figcaption><\/figure><\/div>\n\n\n\n<div class=\"wp-block-image is-style-default\"><figure class=\"aligncenter size-large is-resized\"><img loading=\"lazy\" decoding=\"async\" src=\"http:\/\/unsere-natur.art\/wp-content\/uploads\/2021\/06\/IMG_4451-1024x743.jpg\" alt=\"\" class=\"wp-image-4296\" width=\"512\" height=\"372\" srcset=\"https:\/\/unsere-natur.art\/wp-content\/uploads\/2021\/06\/IMG_4451-1024x743.jpg 1024w, https:\/\/unsere-natur.art\/wp-content\/uploads\/2021\/06\/IMG_4451-300x218.jpg 300w, https:\/\/unsere-natur.art\/wp-content\/uploads\/2021\/06\/IMG_4451-768x557.jpg 768w, https:\/\/unsere-natur.art\/wp-content\/uploads\/2021\/06\/IMG_4451-1536x1114.jpg 1536w, https:\/\/unsere-natur.art\/wp-content\/uploads\/2021\/06\/IMG_4451-2048x1485.jpg 2048w\" sizes=\"auto, (max-width: 512px) 100vw, 512px\" \/><figcaption>&#8220;Scherm\u00fctzelsee \/ M\u00e4rkische Schweiz&#8221; &#8211; Acrylcollage auf Leinwand &#8211; 50\/70cm &#8211; 2021<\/figcaption><\/figure><\/div>\n\n\n\n<div class=\"wp-block-image is-style-default\"><figure class=\"aligncenter size-large is-resized\"><img loading=\"lazy\" decoding=\"async\" src=\"http:\/\/unsere-natur.art\/wp-content\/uploads\/2021\/05\/IMG_3866-746x1024.jpg\" alt=\"&quot;F\u00fcr Jacek&quot; - 30\/40cm - Acylcollage auf Leinwand - 2021\" class=\"wp-image-4167\" width=\"373\" height=\"512\" srcset=\"https:\/\/unsere-natur.art\/wp-content\/uploads\/2021\/05\/IMG_3866-746x1024.jpg 746w, https:\/\/unsere-natur.art\/wp-content\/uploads\/2021\/05\/IMG_3866-219x300.jpg 219w, https:\/\/unsere-natur.art\/wp-content\/uploads\/2021\/05\/IMG_3866-768x1054.jpg 768w, https:\/\/unsere-natur.art\/wp-content\/uploads\/2021\/05\/IMG_3866-1119x1536.jpg 1119w, https:\/\/unsere-natur.art\/wp-content\/uploads\/2021\/05\/IMG_3866-1492x2048.jpg 1492w, https:\/\/unsere-natur.art\/wp-content\/uploads\/2021\/05\/IMG_3866-scaled.jpg 1866w\" sizes=\"auto, (max-width: 373px) 100vw, 373px\" \/><figcaption>\u201eSchw\u00e4ne in Buckow\u201c \u2013  Acylcollage auf Leinwand \u2013 30\/40cm \u2013 2021<\/figcaption><\/figure><\/div>\n\n\n\n<div class=\"wp-block-image is-style-default\"><figure class=\"aligncenter size-large is-resized\"><img loading=\"lazy\" decoding=\"async\" src=\"http:\/\/unsere-natur.art\/wp-content\/uploads\/2020\/12\/IMG_2810-1024x696.jpg\" alt=\"\" class=\"wp-image-3872\" width=\"512\" height=\"348\" srcset=\"https:\/\/unsere-natur.art\/wp-content\/uploads\/2020\/12\/IMG_2810-1024x696.jpg 1024w, https:\/\/unsere-natur.art\/wp-content\/uploads\/2020\/12\/IMG_2810-300x204.jpg 300w, https:\/\/unsere-natur.art\/wp-content\/uploads\/2020\/12\/IMG_2810-768x522.jpg 768w, https:\/\/unsere-natur.art\/wp-content\/uploads\/2020\/12\/IMG_2810-1536x1044.jpg 1536w, https:\/\/unsere-natur.art\/wp-content\/uploads\/2020\/12\/IMG_2810-2048x1392.jpg 2048w\" sizes=\"auto, (max-width: 512px) 100vw, 512px\" \/><figcaption>&#8220;Krugberg und Scherm\u00fctzelsee&#8221; &#8211; Acryl auf Papier &#8211; A4 &#8211; 2020<\/figcaption><\/figure><\/div>\n\n\n\n<div class=\"wp-block-image is-style-default\"><figure class=\"aligncenter size-large is-resized\"><img loading=\"lazy\" decoding=\"async\" src=\"http:\/\/unsere-natur.art\/wp-content\/uploads\/2020\/12\/IMG_2809-1024x717.jpg\" alt=\"\" class=\"wp-image-3875\" width=\"512\" height=\"359\" srcset=\"https:\/\/unsere-natur.art\/wp-content\/uploads\/2020\/12\/IMG_2809-1024x717.jpg 1024w, https:\/\/unsere-natur.art\/wp-content\/uploads\/2020\/12\/IMG_2809-300x210.jpg 300w, https:\/\/unsere-natur.art\/wp-content\/uploads\/2020\/12\/IMG_2809-768x537.jpg 768w, https:\/\/unsere-natur.art\/wp-content\/uploads\/2020\/12\/IMG_2809-1536x1075.jpg 1536w, https:\/\/unsere-natur.art\/wp-content\/uploads\/2020\/12\/IMG_2809-2048x1433.jpg 2048w\" sizes=\"auto, (max-width: 512px) 100vw, 512px\" \/><figcaption>&#8220;Bruchaue&#8221; &#8211; Acryl auf Papier &#8211; A4 &#8211; 2020<\/figcaption><\/figure><\/div>\n\n\n\n<div class=\"wp-block-image is-style-default\"><figure class=\"aligncenter size-large is-resized\"><img loading=\"lazy\" decoding=\"async\" src=\"http:\/\/unsere-natur.art\/wp-content\/uploads\/2020\/12\/IMG_2701-1024x711.jpg\" alt=\"\" class=\"wp-image-3870\" width=\"512\" height=\"356\" srcset=\"https:\/\/unsere-natur.art\/wp-content\/uploads\/2020\/12\/IMG_2701-1024x711.jpg 1024w, https:\/\/unsere-natur.art\/wp-content\/uploads\/2020\/12\/IMG_2701-300x208.jpg 300w, https:\/\/unsere-natur.art\/wp-content\/uploads\/2020\/12\/IMG_2701-768x533.jpg 768w, https:\/\/unsere-natur.art\/wp-content\/uploads\/2020\/12\/IMG_2701-1536x1067.jpg 1536w, https:\/\/unsere-natur.art\/wp-content\/uploads\/2020\/12\/IMG_2701-2048x1422.jpg 2048w\" sizes=\"auto, (max-width: 512px) 100vw, 512px\" \/><figcaption>&#8220;Sonntagsaussichten&#8221; &#8211; Acryl auf Papier &#8211; A4 &#8211; 2020<\/figcaption><\/figure><\/div>\n\n\n\n<div class=\"wp-block-image is-style-default\"><figure class=\"aligncenter size-large is-resized\"><img loading=\"lazy\" decoding=\"async\" src=\"http:\/\/unsere-natur.art\/wp-content\/uploads\/2020\/12\/IMG_27252-1024x718.jpg\" alt=\"\" class=\"wp-image-3874\" width=\"512\" height=\"359\" srcset=\"https:\/\/unsere-natur.art\/wp-content\/uploads\/2020\/12\/IMG_27252-1024x718.jpg 1024w, https:\/\/unsere-natur.art\/wp-content\/uploads\/2020\/12\/IMG_27252-300x210.jpg 300w, https:\/\/unsere-natur.art\/wp-content\/uploads\/2020\/12\/IMG_27252-768x539.jpg 768w, https:\/\/unsere-natur.art\/wp-content\/uploads\/2020\/12\/IMG_27252-1536x1078.jpg 1536w, https:\/\/unsere-natur.art\/wp-content\/uploads\/2020\/12\/IMG_27252-2048x1437.jpg 2048w\" sizes=\"auto, (max-width: 512px) 100vw, 512px\" \/><figcaption>&#8220;Holger&#8217;s M\u00fchle&#8221; &#8211; Acryl auf Papier &#8211; A4 &#8211; 2020<\/figcaption><\/figure><\/div>\n\n\n\n<div class=\"wp-block-image is-style-default\"><figure class=\"aligncenter size-large is-resized\"><img loading=\"lazy\" decoding=\"async\" src=\"http:\/\/unsere-natur.art\/wp-content\/uploads\/2020\/12\/IMG_2671-1024x707.jpg\" alt=\"\" class=\"wp-image-3869\" width=\"512\" height=\"354\" srcset=\"https:\/\/unsere-natur.art\/wp-content\/uploads\/2020\/12\/IMG_2671-1024x707.jpg 1024w, https:\/\/unsere-natur.art\/wp-content\/uploads\/2020\/12\/IMG_2671-300x207.jpg 300w, https:\/\/unsere-natur.art\/wp-content\/uploads\/2020\/12\/IMG_2671-768x530.jpg 768w, https:\/\/unsere-natur.art\/wp-content\/uploads\/2020\/12\/IMG_2671-1536x1060.jpg 1536w, https:\/\/unsere-natur.art\/wp-content\/uploads\/2020\/12\/IMG_2671-2048x1414.jpg 2048w\" sizes=\"auto, (max-width: 512px) 100vw, 512px\" \/><figcaption>&#8220;Walking Buckow&#8221; &#8211; Acryl auf Papier &#8211; A4 &#8211; 2020<\/figcaption><\/figure><\/div>\n\n\n\n<div class=\"wp-block-image is-style-default\"><figure class=\"aligncenter size-large is-resized\"><img loading=\"lazy\" decoding=\"async\" src=\"http:\/\/unsere-natur.art\/wp-content\/uploads\/2020\/12\/IMG_26581-1024x524.jpg\" alt=\"\" class=\"wp-image-3867\" width=\"512\" height=\"262\" srcset=\"https:\/\/unsere-natur.art\/wp-content\/uploads\/2020\/12\/IMG_26581-1024x524.jpg 1024w, https:\/\/unsere-natur.art\/wp-content\/uploads\/2020\/12\/IMG_26581-300x153.jpg 300w, https:\/\/unsere-natur.art\/wp-content\/uploads\/2020\/12\/IMG_26581-768x393.jpg 768w, https:\/\/unsere-natur.art\/wp-content\/uploads\/2020\/12\/IMG_26581-1536x786.jpg 1536w, https:\/\/unsere-natur.art\/wp-content\/uploads\/2020\/12\/IMG_26581-2048x1047.jpg 2048w\" sizes=\"auto, (max-width: 512px) 100vw, 512px\" \/><figcaption>&#8220;Kleiner Tornowsee&#8221; &#8211; Acryl auf Hartfaserplatte &#8211; 15\/30cm &#8211; 2020<\/figcaption><\/figure><\/div>\n\n\n\n<div class=\"wp-block-image is-style-default\"><figure class=\"aligncenter size-large is-resized\"><img loading=\"lazy\" decoding=\"async\" src=\"http:\/\/unsere-natur.art\/wp-content\/uploads\/2020\/12\/IMG_2831-1024x728.jpg\" alt=\"\" class=\"wp-image-3864\" width=\"512\" height=\"364\" srcset=\"https:\/\/unsere-natur.art\/wp-content\/uploads\/2020\/12\/IMG_2831-1024x728.jpg 1024w, https:\/\/unsere-natur.art\/wp-content\/uploads\/2020\/12\/IMG_2831-300x213.jpg 300w, https:\/\/unsere-natur.art\/wp-content\/uploads\/2020\/12\/IMG_2831-768x546.jpg 768w, https:\/\/unsere-natur.art\/wp-content\/uploads\/2020\/12\/IMG_2831-1536x1092.jpg 1536w, https:\/\/unsere-natur.art\/wp-content\/uploads\/2020\/12\/IMG_2831-2048x1456.jpg 2048w\" sizes=\"auto, (max-width: 512px) 100vw, 512px\" \/><figcaption>&#8220;Rotes Luch&#8221; &#8211; Acryl auf Hartfaserplatte &#8211; 44\/62cm &#8211; 2020<\/figcaption><\/figure><\/div>\n\n\n\n<div class=\"wp-block-image is-style-default\"><figure class=\"aligncenter size-large is-resized\"><img loading=\"lazy\" decoding=\"async\" src=\"http:\/\/unsere-natur.art\/wp-content\/uploads\/2020\/03\/blick-1024x854.jpg\" alt=\"Buckow_M\u00e4rkische Schweiz_a.kirchner\" class=\"wp-image-2136\" width=\"512\" height=\"427\"\/><figcaption>&#8220;Schornstein &amp; Laterne&#8221; &#8211; Acryl auf Hartfaserplatte &#8211; 55\/65cm &#8211; 2020<\/figcaption><\/figure><\/div>\n\n\n\n<div class=\"wp-block-image is-style-default\"><figure class=\"aligncenter size-large is-resized\"><img loading=\"lazy\" decoding=\"async\" src=\"http:\/\/unsere-natur.art\/wp-content\/uploads\/2020\/03\/klinik-1003x1024.jpg\" alt=\"Waldfrieden_Buckow_a.kirchner\" class=\"wp-image-2141\" width=\"502\" height=\"512\"\/><figcaption>&#8220;Waldfrieden?&#8221; &#8211; Acryl auf Hartfaserplatte &#8211; 50\/50cm &#8211; 2020<\/figcaption><\/figure><\/div>\n\n\n\n<div class=\"wp-block-image is-style-default\"><figure class=\"aligncenter size-large is-resized\"><img loading=\"lazy\" decoding=\"async\" src=\"http:\/\/unsere-natur.art\/wp-content\/uploads\/2020\/03\/katholische-1024x765.jpg\" alt=\"ehemalige katgholische Kirche Buckow_a.kirchner\" class=\"wp-image-2140\" width=\"512\" height=\"383\"\/><figcaption>&#8220;Die ehemalige katholische Kirche zu Buckow&#8221; &#8211; Acryl auf Hartfaserplatte &#8211; 30\/40cm &#8211; 2020<\/figcaption><\/figure><\/div>\n\n\n\n<div class=\"wp-block-image is-style-default\"><figure class=\"aligncenter size-large is-resized\"><img loading=\"lazy\" decoding=\"async\" src=\"http:\/\/unsere-natur.art\/wp-content\/uploads\/2020\/04\/schermutzelseeII-1024x710.jpg\" alt=\"scherm\u00fctzelsee_II_a.kirchner\" class=\"wp-image-3082\" width=\"512\" height=\"355\" srcset=\"https:\/\/unsere-natur.art\/wp-content\/uploads\/2020\/04\/schermutzelseeII-1024x710.jpg 1024w, https:\/\/unsere-natur.art\/wp-content\/uploads\/2020\/04\/schermutzelseeII-300x208.jpg 300w, https:\/\/unsere-natur.art\/wp-content\/uploads\/2020\/04\/schermutzelseeII-768x532.jpg 768w, https:\/\/unsere-natur.art\/wp-content\/uploads\/2020\/04\/schermutzelseeII-1536x1064.jpg 1536w, https:\/\/unsere-natur.art\/wp-content\/uploads\/2020\/04\/schermutzelseeII-2048x1419.jpg 2048w\" sizes=\"auto, (max-width: 512px) 100vw, 512px\" \/><figcaption>&#8220;Scherm\u00fctzelsee II&#8221; &#8211; Acryl auf Hartfaserplatte &#8211; 59\/41cm &#8211; 2020<\/figcaption><\/figure><\/div>\n\n\n\n<div class=\"wp-block-image is-style-default\"><figure class=\"aligncenter size-large is-resized\"><img loading=\"lazy\" decoding=\"async\" src=\"http:\/\/unsere-natur.art\/wp-content\/uploads\/2020\/04\/schermutzelseeI-1024x723.jpg\" alt=\"scherm\u00fctzelsee_I_a.kirchner\" class=\"wp-image-3071\" width=\"512\" height=\"362\" srcset=\"https:\/\/unsere-natur.art\/wp-content\/uploads\/2020\/04\/schermutzelseeI-1024x723.jpg 1024w, https:\/\/unsere-natur.art\/wp-content\/uploads\/2020\/04\/schermutzelseeI-300x212.jpg 300w, https:\/\/unsere-natur.art\/wp-content\/uploads\/2020\/04\/schermutzelseeI-768x543.jpg 768w, https:\/\/unsere-natur.art\/wp-content\/uploads\/2020\/04\/schermutzelseeI-1536x1085.jpg 1536w, https:\/\/unsere-natur.art\/wp-content\/uploads\/2020\/04\/schermutzelseeI-2048x1447.jpg 2048w\" sizes=\"auto, (max-width: 512px) 100vw, 512px\" \/><figcaption>&#8220;Scherm\u00fctzelsee I&#8221; &#8211; Acryl auf Hartfaserplatte &#8211; 43\/61cm &#8211; 2020<\/figcaption><\/figure><\/div>\n\n\n\n<div class=\"wp-block-image is-style-default\"><figure class=\"aligncenter size-large is-resized\"><img loading=\"lazy\" decoding=\"async\" src=\"http:\/\/unsere-natur.art\/wp-content\/uploads\/2020\/03\/IMG_0764-626x1024.jpg\" alt=\"M\u00fchlenrad zu Buckow_a.kirchner\" class=\"wp-image-2139\" width=\"313\" height=\"512\"\/><figcaption>&#8220;Das M\u00fchlenrad zu Buckow&#8221; &#8211; Acryl auf Hartfaserplatte &#8211; 24\/36cm &#8211; 2020<\/figcaption><\/figure><\/div>\n\n\n\n<div class=\"wp-block-image is-style-default\"><figure class=\"aligncenter size-large is-resized\"><img loading=\"lazy\" decoding=\"async\" src=\"http:\/\/unsere-natur.art\/wp-content\/uploads\/2020\/04\/IMG_1775-1024x752.jpg\" alt=\"Scherri_Scherm\u00fctzelsee_a.kirchner\" class=\"wp-image-3046\" width=\"512\" height=\"376\" srcset=\"https:\/\/unsere-natur.art\/wp-content\/uploads\/2020\/04\/IMG_1775-1024x752.jpg 1024w, https:\/\/unsere-natur.art\/wp-content\/uploads\/2020\/04\/IMG_1775-300x220.jpg 300w, https:\/\/unsere-natur.art\/wp-content\/uploads\/2020\/04\/IMG_1775-768x564.jpg 768w, https:\/\/unsere-natur.art\/wp-content\/uploads\/2020\/04\/IMG_1775-1536x1128.jpg 1536w, https:\/\/unsere-natur.art\/wp-content\/uploads\/2020\/04\/IMG_1775-2048x1504.jpg 2048w\" sizes=\"auto, (max-width: 512px) 100vw, 512px\" \/><figcaption>&#8220;FGS Scherri&#8221; &#8211; Acryl auf Hartfaserplatte &#8211; 30\/40cm &#8211; 2020<\/figcaption><\/figure><\/div>\n\n\n\n<div class=\"wp-block-image is-style-default\"><figure class=\"aligncenter size-large is-resized\"><img loading=\"lazy\" decoding=\"async\" src=\"http:\/\/unsere-natur.art\/wp-content\/uploads\/2020\/03\/IMG_0512-1024x750.jpg\" alt=\"Boot am Klobichsee_M\u00e4rkische Schweiz_a.kirchner\" class=\"wp-image-2138\" width=\"512\" height=\"375\"\/><figcaption>&#8220;Das Boot am Klobichsee&#8221; &#8211; Acryl auf Hartfaserplatte &#8211; 30\/40cm &#8211; 2020<\/figcaption><\/figure><\/div>\n\n\n\n<div class=\"wp-block-image is-style-default\"><figure class=\"aligncenter size-large is-resized\"><img loading=\"lazy\" decoding=\"async\" src=\"http:\/\/unsere-natur.art\/wp-content\/uploads\/2020\/04\/IMG_1728-1024x750.jpg\" alt=\"Buckow_M\u00e4rkische Schweiz_a.kirchner\" class=\"wp-image-2688\" width=\"512\" height=\"375\" srcset=\"https:\/\/unsere-natur.art\/wp-content\/uploads\/2020\/04\/IMG_1728-1024x750.jpg 1024w, https:\/\/unsere-natur.art\/wp-content\/uploads\/2020\/04\/IMG_1728-300x220.jpg 300w, https:\/\/unsere-natur.art\/wp-content\/uploads\/2020\/04\/IMG_1728-768x562.jpg 768w, https:\/\/unsere-natur.art\/wp-content\/uploads\/2020\/04\/IMG_1728-1536x1125.jpg 1536w, https:\/\/unsere-natur.art\/wp-content\/uploads\/2020\/04\/IMG_1728-2048x1500.jpg 2048w\" sizes=\"auto, (max-width: 512px) 100vw, 512px\" \/><figcaption>&#8220;Griepensee &amp; Luisenberg&#8221; &#8211; Acryl auf Hartfaserplatte &#8211; 30\/40cm &#8211; 2020<\/figcaption><\/figure><\/div>\n\n\n\n<div class=\"wp-block-image is-style-default\"><figure class=\"aligncenter size-large is-resized\"><img loading=\"lazy\" decoding=\"async\" src=\"http:\/\/unsere-natur.art\/wp-content\/uploads\/2020\/03\/IMG_0392-1024x755.jpg\" alt=\"Scherm\u00fctzelssee_a.kirchner\" class=\"wp-image-2137\" width=\"512\" height=\"378\" srcset=\"https:\/\/unsere-natur.art\/wp-content\/uploads\/2020\/03\/IMG_0392-1024x755.jpg 1024w, https:\/\/unsere-natur.art\/wp-content\/uploads\/2020\/03\/IMG_0392-300x221.jpg 300w, https:\/\/unsere-natur.art\/wp-content\/uploads\/2020\/03\/IMG_0392-768x566.jpg 768w, https:\/\/unsere-natur.art\/wp-content\/uploads\/2020\/03\/IMG_0392.jpg 1280w\" sizes=\"auto, (max-width: 512px) 100vw, 512px\" \/><figcaption>&#8220;Das halbe Haus Ecke Ringstra\u00dfe&#8221; &#8211; Acryl auf Hartfaserplatte &#8211; 30\/40cm &#8211; 2020<\/figcaption><\/figure><\/div>\n\n\n\n<div class=\"wp-block-image is-style-default\"><figure class=\"aligncenter size-large is-resized\"><img loading=\"lazy\" decoding=\"async\" src=\"http:\/\/unsere-natur.art\/wp-content\/uploads\/2021\/05\/IMG_7198-1024x761.jpg\" alt=\"\" class=\"wp-image-4261\" width=\"512\" height=\"381\" srcset=\"https:\/\/unsere-natur.art\/wp-content\/uploads\/2021\/05\/IMG_7198-1024x761.jpg 1024w, https:\/\/unsere-natur.art\/wp-content\/uploads\/2021\/05\/IMG_7198-300x223.jpg 300w, https:\/\/unsere-natur.art\/wp-content\/uploads\/2021\/05\/IMG_7198-768x571.jpg 768w, https:\/\/unsere-natur.art\/wp-content\/uploads\/2021\/05\/IMG_7198-1536x1142.jpg 1536w, https:\/\/unsere-natur.art\/wp-content\/uploads\/2021\/05\/IMG_7198-2048x1522.jpg 2048w\" sizes=\"auto, (max-width: 512px) 100vw, 512px\" \/><figcaption>&#8220;Mittagsschafe&#8221; &#8211; Acryl auf Hartfaserplatte &#8211; 40\/60cm &#8211; 2019<\/figcaption><\/figure><\/div>\n\n\n\n<div class=\"wp-block-image is-style-default\"><figure class=\"aligncenter size-large is-resized\"><img loading=\"lazy\" decoding=\"async\" src=\"http:\/\/unsere-natur.art\/wp-content\/uploads\/2020\/04\/IMG_1772-1024x748.jpg\" alt=\"am strand_Scherm\u00fctzelsee_a.kirchner\" class=\"wp-image-3025\" width=\"512\" height=\"374\" srcset=\"https:\/\/unsere-natur.art\/wp-content\/uploads\/2020\/04\/IMG_1772-1024x748.jpg 1024w, https:\/\/unsere-natur.art\/wp-content\/uploads\/2020\/04\/IMG_1772-300x219.jpg 300w, https:\/\/unsere-natur.art\/wp-content\/uploads\/2020\/04\/IMG_1772-768x561.jpg 768w, https:\/\/unsere-natur.art\/wp-content\/uploads\/2020\/04\/IMG_1772-1536x1122.jpg 1536w, https:\/\/unsere-natur.art\/wp-content\/uploads\/2020\/04\/IMG_1772-2048x1496.jpg 2048w\" sizes=\"auto, (max-width: 512px) 100vw, 512px\" \/><figcaption>&#8220;Am Strand&#8221; &#8211; Acryl auf Hartfaserplatte &#8211; 30\/40cm &#8211; 2019<\/figcaption><\/figure><\/div>\n","protected":false},"excerpt":{"rendered":"","protected":false},"author":1,"featured_media":0,"parent":0,"menu_order":0,"comment_status":"closed","ping_status":"closed","template":"","meta":{"ngg_post_thumbnail":0,"footnotes":""},"class_list":["post-3854","page","type-page","status-publish","hentry"],"translation":{"provider":"WPGlobus","version":"3.0.2","language":"en","enabled_languages":["de","en"],"languages":{"de":{"title":true,"content":true,"excerpt":false},"en":{"title":true,"content":false,"excerpt":false}}},"_links":{"self":[{"href":"https:\/\/unsere-natur.art\/en\/wp-json\/wp\/v2\/pages\/3854","targetHints":{"allow":["GET"]}}],"collection":[{"href":"https:\/\/unsere-natur.art\/en\/wp-json\/wp\/v2\/pages"}],"about":[{"href":"https:\/\/unsere-natur.art\/en\/wp-json\/wp\/v2\/types\/page"}],"author":[{"embeddable":true,"href":"https:\/\/unsere-natur.art\/en\/wp-json\/wp\/v2\/users\/1"}],"replies":[{"embeddable":true,"href":"https:\/\/unsere-natur.art\/en\/wp-json\/wp\/v2\/comments?post=3854"}],"version-history":[{"count":39,"href":"https:\/\/unsere-natur.art\/en\/wp-json\/wp\/v2\/pages\/3854\/revisions"}],"predecessor-version":[{"id":4805,"href":"https:\/\/unsere-natur.art\/en\/wp-json\/wp\/v2\/pages\/3854\/revisions\/4805"}],"wp:attachment":[{"href":"https:\/\/unsere-natur.art\/en\/wp-json\/wp\/v2\/media?parent=3854"}],"curies":[{"name":"wp","href":"https:\/\/api.w.org\/{rel}","templated":true}]}}