{"id":4508,"date":"2021-06-29T16:36:34","date_gmt":"2021-06-29T14:36:34","guid":{"rendered":"http:\/\/unsere-natur.art\/?page_id=4508"},"modified":"2022-05-01T15:16:13","modified_gmt":"2022-05-01T13:16:13","slug":"atelier-fuer-emotionale-intelligenz-2","status":"publish","type":"page","link":"https:\/\/unsere-natur.art\/en\/atelier-fuer-emotionale-intelligenz-2\/","title":{"rendered":"Atelier f\u00fcr Emotionale Intelligenz 2"},"content":{"rendered":"\n<h2 class=\"has-text-align-center wp-block-heading\" id=\"atelier-fur-emotionale-intelligenz\">:Atelier f\u00fcr Emotionale Intelligenz:<\/h2>\n\n\n\n<h4 class=\"has-text-align-center wp-block-heading\" id=\"das-spiel-ist-die-hochste-form-der-forschung-albert-einstein\"><strong>\u201eDas Spiel ist die h\u00f6chste Form der Forschung\u201c<\/strong><br>Albert Einstein<\/h4>\n\n\n\n<div class=\"wp-block-image\"><figure class=\"aligncenter size-medium is-resized\"><a href=\"http:\/\/emotionale-intelligenz.art\/\" target=\"_blank\" rel=\"Atelier f\u00fcr Emotionale Intelligenz noopener\"><img loading=\"lazy\" decoding=\"async\" src=\"http:\/\/unsere-natur.art\/wp-content\/uploads\/2022\/02\/unendlichkeit_leer_Icon_emotionale-Intelligenz-264x300.jpg\" alt=\"\" class=\"wp-image-4845\" width=\"198\" height=\"225\" srcset=\"https:\/\/unsere-natur.art\/wp-content\/uploads\/2022\/02\/unendlichkeit_leer_Icon_emotionale-Intelligenz-264x300.jpg 264w, https:\/\/unsere-natur.art\/wp-content\/uploads\/2022\/02\/unendlichkeit_leer_Icon_emotionale-Intelligenz-902x1024.jpg 902w, https:\/\/unsere-natur.art\/wp-content\/uploads\/2022\/02\/unendlichkeit_leer_Icon_emotionale-Intelligenz-768x872.jpg 768w, https:\/\/unsere-natur.art\/wp-content\/uploads\/2022\/02\/unendlichkeit_leer_Icon_emotionale-Intelligenz-1353x1536.jpg 1353w, https:\/\/unsere-natur.art\/wp-content\/uploads\/2022\/02\/unendlichkeit_leer_Icon_emotionale-Intelligenz.jpg 1434w\" sizes=\"auto, (max-width: 198px) 100vw, 198px\" \/><\/a><\/figure><\/div>\n\n\n\n<p class=\"has-text-align-center\"><strong>Unser gr\u00f6\u00dftes Anliegen ist das herzbasierte Lernen \u2013 mit&nbsp;der&nbsp;Begeisterung als obersten&nbsp;Leitfaden \u2013&nbsp;in die Gesellschaft einzubringen,&nbsp;denn&nbsp;alle gro\u00dfen Denker und Erfinder waren \u201eFreigeister\u201c.&nbsp;<\/strong><\/p>\n\n\n\n<div class=\"wp-block-cover alignwide is-light has-parallax\" style=\"background-image:url(http:\/\/unsere-natur.art\/wp-content\/uploads\/2021\/06\/Foto2_Atelier-fuer_Emotionale_Intelligenz_2021_b-1024x761.jpg)\"><span aria-hidden=\"true\" class=\"has-background-dim-0 wp-block-cover__gradient-background has-background-dim\"><\/span><div class=\"wp-block-cover__inner-container is-layout-flow wp-block-cover-is-layout-flow\">\n<p class=\"has-large-font-size\"><\/p>\n<\/div><\/div>\n\n\n\n<p class=\"has-text-align-center\"><strong>Wir bieten einen Ort, wo freies Denken erlaubt und erw\u00fcnscht ist, Kreativit\u00e4t und Spa\u00df durch die \u201eintuitive Malerei\u201c gef\u00f6rdert werden und der Weg zur pers\u00f6nlichen Authentizit\u00e4t und damit in ein bewusstes, erf\u00fclltes, gl\u00fcckliches und harmonisches Leben offen steht.&nbsp;<\/strong><\/p>\n\n\n\n<p class=\"has-text-align-center\"><strong>Das \u201eAtelier f\u00fcr Emotionale Intelligenz\u201c \u00f6ffnet von Dienstag bis Donnerstag 15 &#8211; 17 Uhr, f\u00fcr Kinder und interessierte Erwachsene, zum kreativen Austausch in Form von &#8220;Kids im Atelier&#8221;. Samstags Seminare und Malstunden im Atelier oder Workshops in und mit der Natur.<\/strong><\/p>\n\n\n\n<div class=\"wp-block-image\"><figure class=\"aligncenter size-large is-resized\"><a href=\"http:\/\/emotionale-intelligenz.art\/kids-im-atelier\/\" target=\"_blank\" rel=\"noopener\"><img loading=\"lazy\" decoding=\"async\" src=\"http:\/\/unsere-natur.art\/wp-content\/uploads\/2022\/03\/Icon_Urknall_grau-974x1024.jpg\" alt=\"\" class=\"wp-image-4915\" width=\"244\" height=\"256\" srcset=\"https:\/\/unsere-natur.art\/wp-content\/uploads\/2022\/03\/Icon_Urknall_grau-974x1024.jpg 974w, https:\/\/unsere-natur.art\/wp-content\/uploads\/2022\/03\/Icon_Urknall_grau-285x300.jpg 285w, https:\/\/unsere-natur.art\/wp-content\/uploads\/2022\/03\/Icon_Urknall_grau-768x808.jpg 768w, https:\/\/unsere-natur.art\/wp-content\/uploads\/2022\/03\/Icon_Urknall_grau-1461x1536.jpg 1461w, https:\/\/unsere-natur.art\/wp-content\/uploads\/2022\/03\/Icon_Urknall_grau.jpg 1631w\" sizes=\"auto, (max-width: 244px) 100vw, 244px\" \/><\/a><\/figure><\/div>\n\n\n\n<p class=\"has-text-align-center\">M\u00f6chten Sie an einem Angebot teilnehmen, uns im Atelier treffen,&nbsp;unser Wirken unterst\u00fctzen&nbsp;oder Bilder erwerben,&nbsp;kommen Sie vorbei oder schreiben Sie <a href=\"mailto:outdoor@emotionale-intelligenz.art\">uns<\/a>. Wir freuen Uns \u00fcber Ihr Interesse!<\/p>\n\n\n\n<p class=\"has-text-align-center\">Wir stellen regelm\u00e4\u00dfig unsere und die Arbeiten der hier Malenden im Atelier aus, um Ihnen einen kleinen Einblick in unsere Arbeit zu gew\u00e4hren.<\/p>\n\n\n\n<div class=\"wp-block-cover alignfull is-light has-parallax\" style=\"background-image:url(http:\/\/unsere-natur.art\/wp-content\/uploads\/2022\/03\/Aufsteller1_Intuition_Ru\u0308ckseite_Version2.jpg)\"><span aria-hidden=\"true\" class=\"has-background-dim-0 wp-block-cover__gradient-background has-background-dim\"><\/span><div class=\"wp-block-cover__inner-container is-layout-flow wp-block-cover-is-layout-flow\">\n<p class=\"has-large-font-size\"><\/p>\n<\/div><\/div>\n","protected":false},"excerpt":{"rendered":"<p>:Atelier f\u00fcr Emotionale Intelligenz: \u201eDas Spiel ist die h\u00f6chste Form der Forschung\u201cAlbert Einstein Unser gr\u00f6\u00dftes Anliegen ist das herzbasierte Lernen \u2013 mit&nbsp;der&nbsp;Begeisterung als obersten&nbsp;Leitfaden \u2013&nbsp;in die Gesellschaft einzubringen,&nbsp;denn&nbsp;alle gro\u00dfen Denker und Erfinder waren \u201eFreigeister\u201c.&nbsp; Wir bieten einen Ort, wo freies Denken erlaubt und erw\u00fcnscht ist, Kreativit\u00e4t und Spa\u00df durch die \u201eintuitive Malerei\u201c gef\u00f6rdert werden und &hellip; <\/p>\n<p class=\"link-more\"><a href=\"https:\/\/unsere-natur.art\/en\/atelier-fuer-emotionale-intelligenz-2\/\" class=\"more-link\">Continue reading<span class=\"screen-reader-text\"> &#8220;Atelier f\u00fcr Emotionale Intelligenz 2&#8221;<\/span><\/a><\/p>\n","protected":false},"author":1,"featured_media":0,"parent":0,"menu_order":0,"comment_status":"closed","ping_status":"closed","template":"","meta":{"ngg_post_thumbnail":0,"footnotes":""},"class_list":["post-4508","page","type-page","status-publish","hentry"],"translation":{"provider":"WPGlobus","version":"3.0.2","language":"en","enabled_languages":["de","en"],"languages":{"de":{"title":true,"content":true,"excerpt":false},"en":{"title":false,"content":false,"excerpt":false}}},"_links":{"self":[{"href":"https:\/\/unsere-natur.art\/en\/wp-json\/wp\/v2\/pages\/4508","targetHints":{"allow":["GET"]}}],"collection":[{"href":"https:\/\/unsere-natur.art\/en\/wp-json\/wp\/v2\/pages"}],"about":[{"href":"https:\/\/unsere-natur.art\/en\/wp-json\/wp\/v2\/types\/page"}],"author":[{"embeddable":true,"href":"https:\/\/unsere-natur.art\/en\/wp-json\/wp\/v2\/users\/1"}],"replies":[{"embeddable":true,"href":"https:\/\/unsere-natur.art\/en\/wp-json\/wp\/v2\/comments?post=4508"}],"version-history":[{"count":48,"href":"https:\/\/unsere-natur.art\/en\/wp-json\/wp\/v2\/pages\/4508\/revisions"}],"predecessor-version":[{"id":5096,"href":"https:\/\/unsere-natur.art\/en\/wp-json\/wp\/v2\/pages\/4508\/revisions\/5096"}],"wp:attachment":[{"href":"https:\/\/unsere-natur.art\/en\/wp-json\/wp\/v2\/media?parent=4508"}],"curies":[{"name":"wp","href":"https:\/\/api.w.org\/{rel}","templated":true}]}}