{"id":5528,"date":"2022-10-09T14:45:55","date_gmt":"2022-10-09T12:45:55","guid":{"rendered":"https:\/\/unsere-natur.art\/?page_id=5528"},"modified":"2025-02-12T10:51:16","modified_gmt":"2025-02-12T09:51:16","slug":"kids-im-wald-atelier","status":"publish","type":"page","link":"https:\/\/unsere-natur.art\/en\/kids-im-wald-atelier\/","title":{"rendered":",Kids im Wald&#8217;"},"content":{"rendered":"<div class=\"wp-block-image\">\n<figure class=\"aligncenter size-medium\"><img loading=\"lazy\" decoding=\"async\" width=\"300\" height=\"192\" src=\"https:\/\/unsere-natur.art\/wp-content\/uploads\/2022\/10\/Icon-AHORN-Blatt-300x192.png\" alt=\"\" class=\"wp-image-5600\" srcset=\"https:\/\/unsere-natur.art\/wp-content\/uploads\/2022\/10\/Icon-AHORN-Blatt-300x192.png 300w, https:\/\/unsere-natur.art\/wp-content\/uploads\/2022\/10\/Icon-AHORN-Blatt-1024x655.png 1024w, https:\/\/unsere-natur.art\/wp-content\/uploads\/2022\/10\/Icon-AHORN-Blatt-768x491.png 768w, https:\/\/unsere-natur.art\/wp-content\/uploads\/2022\/10\/Icon-AHORN-Blatt-1536x982.png 1536w, https:\/\/unsere-natur.art\/wp-content\/uploads\/2022\/10\/Icon-AHORN-Blatt-2048x1309.png 2048w\" sizes=\"auto, (max-width: 300px) 100vw, 300px\" \/><\/figure>\n<\/div>\n\n\n<h3 class=\"wp-block-heading\">Wandern und Malen in der M\u00e4rkischen Schweiz<\/h3>\n\n\n\n<p>\u201cKids im Wald\u201d versteht sich als Angebot f\u00fcr Kinder und Eltern, mit dem Ziel die einheimische Flora &amp; Fauna durch Anfassen, &#8220;Begreifen&#8221;, Erfahren und gleichzeitig durch kreative Auseinandersetzung mit der Natur, diese besser kennen zu lernen und zu verstehen. Wir verbinden freie und intuitive Kreativit\u00e4t mit einer kleinen Wanderung durch die M\u00e4rkische Schweiz. Dabei wird der Schwierigkeitsgrad ganz individuell von meinen kleinen und gro\u00dfen G\u00e4sten selbst bestimmt. Abh\u00e4ngig von der jeweiligen Jahreszeit und dem aktuellen Wetter, gestalten wir die Wanderung auf die pers\u00f6nlichen Bed\u00fcrfnisse zugeschnitten.<\/p>\n\n\n<div class=\"wp-block-image\">\n<figure class=\"alignright size-medium\"><img loading=\"lazy\" decoding=\"async\" width=\"300\" height=\"215\" src=\"https:\/\/unsere-natur.art\/wp-content\/uploads\/2022\/10\/AK-Zeichnung_Mu\u0308nchehofe_102022-300x215.png\" alt=\"\" class=\"wp-image-5611\" srcset=\"https:\/\/unsere-natur.art\/wp-content\/uploads\/2022\/10\/AK-Zeichnung_Mu\u0308nchehofe_102022-300x215.png 300w, https:\/\/unsere-natur.art\/wp-content\/uploads\/2022\/10\/AK-Zeichnung_Mu\u0308nchehofe_102022-1024x732.png 1024w, https:\/\/unsere-natur.art\/wp-content\/uploads\/2022\/10\/AK-Zeichnung_Mu\u0308nchehofe_102022-768x549.png 768w, https:\/\/unsere-natur.art\/wp-content\/uploads\/2022\/10\/AK-Zeichnung_Mu\u0308nchehofe_102022-1536x1098.png 1536w, https:\/\/unsere-natur.art\/wp-content\/uploads\/2022\/10\/AK-Zeichnung_Mu\u0308nchehofe_102022-2048x1464.png 2048w\" sizes=\"auto, (max-width: 300px) 100vw, 300px\" \/><\/figure>\n<\/div>\n\n\n<p>Wenn Ihr Euch angesprochen f\u00fchlt und neugierig auf die M\u00e4rkische Schweiz seit und wissen wollt, was passiert, wenn man freie Kreativit\u00e4t in der Natur umsetzt, dann kommt einfach mit&#8230;.<\/p>\n\n\n\n<p>F\u00fcr kleine und gro\u00dfe Kinder, Familien, Eltern, Gro\u00dfeltern, Tagesm\u00fctter, Kinderg\u00e4rten und Schulklassen.<\/p>\n\n\n\n<p>Teilnehmer*innen maximal 4 Kinder, ohne zus\u00e4tzliche Begleitung, um ungest\u00f6rt zu erleben. Kindergeburtstage, Familien- oder Gruppenwanderungen sind ebenfalls m\u00f6glich.<\/p>\n\n\n\n<p>Kleine- &amp; gro\u00dfe Naturforscher treffen sich nach Absprache in 15377 Buckow.<\/p>\n\n\n\n<p>Dauer: 2 Stunden \/ Preis pro Person + Kind bis 8 Jahre: 40 \u20ac (Kleinkinder frei, zus\u00e4tzliche Kinder 10,- \u20ac)<\/p>\n\n\n\n<figure class=\"wp-block-image size-medium is-resized\"><img loading=\"lazy\" decoding=\"async\" width=\"300\" height=\"76\" src=\"https:\/\/unsere-natur.art\/wp-content\/uploads\/2022\/06\/Feder_Bussard-300x76.png\" alt=\"\" class=\"wp-image-5497\" style=\"width:225px;height:57px\" srcset=\"https:\/\/unsere-natur.art\/wp-content\/uploads\/2022\/06\/Feder_Bussard-300x76.png 300w, https:\/\/unsere-natur.art\/wp-content\/uploads\/2022\/06\/Feder_Bussard-1024x261.png 1024w, https:\/\/unsere-natur.art\/wp-content\/uploads\/2022\/06\/Feder_Bussard-768x196.png 768w, https:\/\/unsere-natur.art\/wp-content\/uploads\/2022\/06\/Feder_Bussard-1536x392.png 1536w, https:\/\/unsere-natur.art\/wp-content\/uploads\/2022\/06\/Feder_Bussard-2048x522.png 2048w\" sizes=\"auto, (max-width: 300px) 100vw, 300px\" \/><\/figure>\n\n\n\n<p>Anmeldung unter: <a href=\"mailto:mail@unsere-natur.art\">mail@unsere-natur.art<\/a> oder <a href=\"http:\/\/emotionale-intelligenz.art\/kids-erforschen-den-wald\/outdoor@emotionale-intelligenz.art\">outdoor@emotionale-intelligenz.art<\/a><\/p>\n\n\n<div class=\"wp-block-image\">\n<figure class=\"alignright size-medium\"><img loading=\"lazy\" decoding=\"async\" width=\"300\" height=\"236\" src=\"https:\/\/unsere-natur.art\/wp-content\/uploads\/2020\/03\/wir-300x236.jpg\" alt=\"Kids entdecken den Wald_a.kirchner\" class=\"wp-image-2334\" srcset=\"https:\/\/unsere-natur.art\/wp-content\/uploads\/2020\/03\/wir-300x236.jpg 300w, https:\/\/unsere-natur.art\/wp-content\/uploads\/2020\/03\/wir.jpg 744w\" sizes=\"auto, (max-width: 300px) 100vw, 300px\" \/><\/figure>\n<\/div>\n\n<div class=\"wp-block-image\">\n<figure class=\"alignleft size-medium\"><img loading=\"lazy\" decoding=\"async\" width=\"300\" height=\"193\" src=\"https:\/\/unsere-natur.art\/wp-content\/uploads\/2022\/02\/Baumumarmung_Fotor-300x193.jpg\" alt=\"\" class=\"wp-image-4809\" srcset=\"https:\/\/unsere-natur.art\/wp-content\/uploads\/2022\/02\/Baumumarmung_Fotor-300x193.jpg 300w, https:\/\/unsere-natur.art\/wp-content\/uploads\/2022\/02\/Baumumarmung_Fotor-1024x658.jpg 1024w, https:\/\/unsere-natur.art\/wp-content\/uploads\/2022\/02\/Baumumarmung_Fotor-768x494.jpg 768w, https:\/\/unsere-natur.art\/wp-content\/uploads\/2022\/02\/Baumumarmung_Fotor.jpg 1056w\" sizes=\"auto, (max-width: 300px) 100vw, 300px\" \/><\/figure>\n<\/div>\n\n\n<p><\/p>\n\n\n<div class=\"wp-block-image\">\n<figure class=\"aligncenter size-large is-resized\"><img loading=\"lazy\" decoding=\"async\" width=\"1024\" height=\"617\" src=\"https:\/\/unsere-natur.art\/wp-content\/uploads\/2022\/02\/cropped-Icon_Adler_blau-1-1024x617.jpg\" alt=\"\" class=\"wp-image-5976\" style=\"width:350px\" srcset=\"https:\/\/unsere-natur.art\/wp-content\/uploads\/2022\/02\/cropped-Icon_Adler_blau-1-1024x617.jpg 1024w, https:\/\/unsere-natur.art\/wp-content\/uploads\/2022\/02\/cropped-Icon_Adler_blau-1-300x181.jpg 300w, https:\/\/unsere-natur.art\/wp-content\/uploads\/2022\/02\/cropped-Icon_Adler_blau-1-768x463.jpg 768w, https:\/\/unsere-natur.art\/wp-content\/uploads\/2022\/02\/cropped-Icon_Adler_blau-1-1536x925.jpg 1536w, https:\/\/unsere-natur.art\/wp-content\/uploads\/2022\/02\/cropped-Icon_Adler_blau-1.jpg 1718w\" sizes=\"auto, (max-width: 1024px) 100vw, 1024px\" \/><\/figure>\n<\/div>","protected":false},"excerpt":{"rendered":"<p>Wandern und Malen in der M\u00e4rkischen Schweiz \u201cKids im Wald\u201d versteht sich als Angebot f\u00fcr Kinder und Eltern, mit dem Ziel die einheimische Flora &amp; Fauna durch Anfassen, &#8220;Begreifen&#8221;, Erfahren und gleichzeitig durch kreative Auseinandersetzung mit der Natur, diese besser kennen zu lernen und zu verstehen. Wir verbinden freie und intuitive Kreativit\u00e4t mit einer kleinen &hellip; <\/p>\n<p class=\"link-more\"><a href=\"https:\/\/unsere-natur.art\/en\/kids-im-wald-atelier\/\" class=\"more-link\">Continue reading<span class=\"screen-reader-text\"> &#8220;,Kids im Wald&#8217;&#8221;<\/span><\/a><\/p>\n","protected":false},"author":1,"featured_media":0,"parent":0,"menu_order":0,"comment_status":"closed","ping_status":"closed","template":"","meta":{"ngg_post_thumbnail":0,"footnotes":""},"class_list":["post-5528","page","type-page","status-publish","hentry"],"translation":{"provider":"WPGlobus","version":"3.0.2","language":"en","enabled_languages":["de","en"],"languages":{"de":{"title":true,"content":true,"excerpt":false},"en":{"title":false,"content":false,"excerpt":false}}},"_links":{"self":[{"href":"https:\/\/unsere-natur.art\/en\/wp-json\/wp\/v2\/pages\/5528","targetHints":{"allow":["GET"]}}],"collection":[{"href":"https:\/\/unsere-natur.art\/en\/wp-json\/wp\/v2\/pages"}],"about":[{"href":"https:\/\/unsere-natur.art\/en\/wp-json\/wp\/v2\/types\/page"}],"author":[{"embeddable":true,"href":"https:\/\/unsere-natur.art\/en\/wp-json\/wp\/v2\/users\/1"}],"replies":[{"embeddable":true,"href":"https:\/\/unsere-natur.art\/en\/wp-json\/wp\/v2\/comments?post=5528"}],"version-history":[{"count":31,"href":"https:\/\/unsere-natur.art\/en\/wp-json\/wp\/v2\/pages\/5528\/revisions"}],"predecessor-version":[{"id":6031,"href":"https:\/\/unsere-natur.art\/en\/wp-json\/wp\/v2\/pages\/5528\/revisions\/6031"}],"wp:attachment":[{"href":"https:\/\/unsere-natur.art\/en\/wp-json\/wp\/v2\/media?parent=5528"}],"curies":[{"name":"wp","href":"https:\/\/api.w.org\/{rel}","templated":true}]}}