{"id":5925,"date":"2024-11-15T17:41:10","date_gmt":"2024-11-15T16:41:10","guid":{"rendered":"https:\/\/unsere-natur.art\/?page_id=5925"},"modified":"2024-11-17T10:14:36","modified_gmt":"2024-11-17T09:14:36","slug":"wandgestaltung","status":"publish","type":"page","link":"https:\/\/unsere-natur.art\/en\/wandgestaltung\/","title":{"rendered":"Wandgestaltung"},"content":{"rendered":"\n<p>Sie m\u00f6chten Ihre W\u00e4nde mit Ihrem Lieblingsmotiven gestalten und suchen eine originale und einzigartige Umsetzung daf\u00fcr? Mein Schwerpunkt liegt im Bereich der freien Landschafts-, Pflanzen &#8211; und Tiermalerei. Dabei liegt mir besonders eine saubere und freundliche Arbeitsweise sowie eine kindgerechte Motivauswahl besonders am Herzen.<\/p>\n\n\n\n<p>Ob mit Spr\u00fchdose, Acrylfarbe und Pinsel oder Naturmaterialien wie zum Beispiel farbig pigmentierte Kalkfarbe, ich gestalte Ihre W\u00e4nde nach Ihren Vorgaben, mit Ihren Ideen und meinem Knowhow.<\/p>\n\n\n\n<p>Unabh\u00e4ngig vom Ort lassen sich so auch gro\u00dffl\u00e4chige Wandbilder in geruchssensiblen Bereichen, wie  Wohn- &amp; Kinderzimmern, Krankenh\u00e4usern oder Rehabilitationskliniken, umsetzen. <\/p>\n\n\n\n<p>Senden Sie mir Ihr Anliegen, Ihre Ideen und Vorstellungen und ich erstelle, in Absprache mit Ihnen ein individuelles Angebot und einen kleinen Vorentwurf!<\/p>\n\n\n\n<p class=\"has-text-align-center\"><a href=\"mailto:mail@unsere-natur.art\">Kontakt<\/a><\/p>\n\n\n\n<p class=\"has-text-align-center\">Eine kleine Auswahl:<\/p>\n\n\n\n<!-- Final Tiles Grid Gallery for WordPress v3.6.13 free --><style>#ftg-1414 .tile .icon { color:#ffffff; }#ftg-1414 .ftg-items .loading-bar i { background:#666; }#ftg-1414 .ftg-items .loading-bar { background:#fff; }#ftg-1414 .tile .icon { font-size:12px; }#ftg-1414 .tile .icon { margin: -6px 0 0 -6px; }#ftg-1414 .tile .caption-block .text-wrapper span.text { font-size:12px; }#ftg-1414 .tile .caption-outside .text-wrapper span.text { font-size:12px; }#ftg-1414 .tile .caption-block .text-wrapper span.title { font-size:14px; }#ftg-1414 .tile .caption-outside .text-wrapper span.title { font-size:14px; }#ftg-1414 .tile { background-color: transparent; }#ftg-1414 .tile .caption-block .text-wrapper span.text { color: #ffffff; }#ftg-1414 .tile .caption-block .text-wrapper span.title { color: #ffffff; }#ftg-1414 .tile .caption-outside .text-wrapper span.text { color: #ffffff; }#ftg-1414 .tile .caption-outside .text-wrapper span.title { color: #ffffff; }#ftg-1414 .tile .ftg-social a { color: #ffffff; }#ftg-1414 .tile .caption-block { transition-duration:0.25s; }#ftg-1414 .tile .tile-inner:before { background-color: #000000; }#ftg-1414 .tile .tile-inner:before { background-color: rgba(0, 0, 0, 0.8); }#ftg-1414 .tile:hover img {-moz-transform: -moz-rotate(0deg) -moz-scale(0) ;-webkit-transform: -webkit-rotate(0deg) -webkit-scale(0) ;-o-transform: -o-rotate(0deg) -o-scale(0) ;-ms-transform: -ms-rotate(0deg) -ms-scale(0) ;transform: rotate(0deg) scale(0) ;}<\/style><a name=\"14\"><\/a><div class=\"final-tiles-gallery  ftg-hover-enabled caption-inside  caption-none caption-middle caption-center\" id=\"ftg-1414\" style=\"width: 100%\"><div class='ftg-items'><div class='loading-bar'><i><\/i><\/div><div  class='tile ftg-preload  '><a title=\"\" data-lightbox='ftg-1414' rel='ftg-1414'  class=' tile-inner  ftg-lightbox' href='https:\/\/unsere-natur.art\/wp-content\/uploads\/2024\/11\/IMG_3868-1024x683.jpg' ><img alt='' class='item skip-lazy' data-class='item' data-ftg-source='https:\/\/unsere-natur.art\/wp-content\/uploads\/2024\/11\/IMG_3868-1024x683.jpg' src='https:\/\/unsere-natur.art\/wp-content\/uploads\/2024\/11\/IMG_3868-1024x683.jpg' width='760' height='507' \/><\/a><div class='ftg-social'><\/div><\/div><div  class='tile ftg-preload  '><a title=\"\" data-lightbox='ftg-1414' rel='ftg-1414'  class=' tile-inner  ftg-lightbox' href='https:\/\/unsere-natur.art\/wp-content\/uploads\/2024\/11\/IMG_2515-1024x768.jpg' ><img alt='' class='item skip-lazy' data-class='item' data-ftg-source='https:\/\/unsere-natur.art\/wp-content\/uploads\/2024\/11\/IMG_2515-1024x768.jpg' src='https:\/\/unsere-natur.art\/wp-content\/uploads\/2024\/11\/IMG_2515-1024x768.jpg' width='760' height='570' \/><\/a><div class='ftg-social'><\/div><\/div><div  class='tile ftg-preload  '><a title=\"\" data-lightbox='ftg-1414' rel='ftg-1414'  class=' tile-inner  ftg-lightbox' href='https:\/\/unsere-natur.art\/wp-content\/uploads\/2024\/11\/20131006_163942-768x1024.jpg' ><img alt='' class='item skip-lazy' data-class='item' data-ftg-source='https:\/\/unsere-natur.art\/wp-content\/uploads\/2024\/11\/20131006_163942-768x1024.jpg' src='https:\/\/unsere-natur.art\/wp-content\/uploads\/2024\/11\/20131006_163942-768x1024.jpg' width='760' height='1013' \/><\/a><div class='ftg-social'><\/div><\/div><div  class='tile ftg-preload  '><a title=\"\" data-lightbox='ftg-1414' rel='ftg-1414'  class=' tile-inner  ftg-lightbox' href='https:\/\/unsere-natur.art\/wp-content\/uploads\/2024\/11\/forelle_bettenhaus1-1024x682.jpg' ><img alt='' class='item skip-lazy' data-class='item' data-ftg-source='https:\/\/unsere-natur.art\/wp-content\/uploads\/2024\/11\/forelle_bettenhaus1-1024x682.jpg' src='https:\/\/unsere-natur.art\/wp-content\/uploads\/2024\/11\/forelle_bettenhaus1-1024x682.jpg' width='760' height='506' \/><\/a><div class='ftg-social'><\/div><\/div><div  class='tile ftg-preload  '><a title=\"\" data-lightbox='ftg-1414' rel='ftg-1414'  class=' tile-inner  ftg-lightbox' href='https:\/\/unsere-natur.art\/wp-content\/uploads\/2024\/11\/20160716_195226-1024x768.jpg' ><img alt='' class='item skip-lazy' data-class='item' data-ftg-source='https:\/\/unsere-natur.art\/wp-content\/uploads\/2024\/11\/20160716_195226-1024x768.jpg' src='https:\/\/unsere-natur.art\/wp-content\/uploads\/2024\/11\/20160716_195226-1024x768.jpg' width='760' height='570' \/><\/a><div class='ftg-social'><\/div><\/div><div  class='tile ftg-preload  '><a title=\"\" data-lightbox='ftg-1414' rel='ftg-1414'  class=' tile-inner  ftg-lightbox' href='https:\/\/unsere-natur.art\/wp-content\/uploads\/2024\/11\/IMG_0904-1024x683.jpg' ><img alt='' class='item skip-lazy' data-class='item' data-ftg-source='https:\/\/unsere-natur.art\/wp-content\/uploads\/2024\/11\/IMG_0904-1024x683.jpg' src='https:\/\/unsere-natur.art\/wp-content\/uploads\/2024\/11\/IMG_0904-1024x683.jpg' width='760' height='507' \/><\/a><div class='ftg-social'><\/div><\/div><div  class='tile ftg-preload  '><a title=\"\" data-lightbox='ftg-1414' rel='ftg-1414'  class=' tile-inner  ftg-lightbox' href='https:\/\/unsere-natur.art\/wp-content\/uploads\/2024\/11\/20160726_171724-1024x768.jpg' ><img alt='' class='item skip-lazy' data-class='item' data-ftg-source='https:\/\/unsere-natur.art\/wp-content\/uploads\/2024\/11\/20160726_171724-1024x768.jpg' src='https:\/\/unsere-natur.art\/wp-content\/uploads\/2024\/11\/20160726_171724-1024x768.jpg' width='760' height='570' \/><\/a><div class='ftg-social'><\/div><\/div><div  class='tile ftg-preload  '><a title=\"\" data-lightbox='ftg-1414' rel='ftg-1414'  class=' tile-inner  ftg-lightbox' href='https:\/\/unsere-natur.art\/wp-content\/uploads\/2024\/11\/20160729_141551-1-1024x655.jpg' ><img alt='' class='item skip-lazy' data-class='item' data-ftg-source='https:\/\/unsere-natur.art\/wp-content\/uploads\/2024\/11\/20160729_141551-1-1024x655.jpg' src='https:\/\/unsere-natur.art\/wp-content\/uploads\/2024\/11\/20160729_141551-1-1024x655.jpg' width='760' height='486' \/><\/a><div class='ftg-social'><\/div><\/div><div  class='tile ftg-preload  '><a title=\"\" data-lightbox='ftg-1414' rel='ftg-1414'  class=' tile-inner  ftg-lightbox' href='https:\/\/unsere-natur.art\/wp-content\/uploads\/2024\/11\/20160905_105002-1024x768.jpg' ><img alt='' class='item skip-lazy' data-class='item' data-ftg-source='https:\/\/unsere-natur.art\/wp-content\/uploads\/2024\/11\/20160905_105002-1024x768.jpg' src='https:\/\/unsere-natur.art\/wp-content\/uploads\/2024\/11\/20160905_105002-1024x768.jpg' width='760' height='570' \/><\/a><div class='ftg-social'><\/div><\/div><\/div><\/div>\n\n\n\n<p><\/p>\n","protected":false},"excerpt":{"rendered":"<p>Sie m\u00f6chten Ihre W\u00e4nde mit Ihrem Lieblingsmotiven gestalten und suchen eine originale und einzigartige Umsetzung daf\u00fcr? Mein Schwerpunkt liegt im Bereich der freien Landschafts-, Pflanzen &#8211; und Tiermalerei. Dabei liegt mir besonders eine saubere und freundliche Arbeitsweise sowie eine kindgerechte Motivauswahl besonders am Herzen. Ob mit Spr\u00fchdose, Acrylfarbe und Pinsel oder Naturmaterialien wie zum Beispiel &hellip; <\/p>\n<p class=\"link-more\"><a href=\"https:\/\/unsere-natur.art\/en\/wandgestaltung\/\" class=\"more-link\">Continue reading<span class=\"screen-reader-text\"> &#8220;Wandgestaltung&#8221;<\/span><\/a><\/p>\n","protected":false},"author":1,"featured_media":0,"parent":0,"menu_order":0,"comment_status":"closed","ping_status":"closed","template":"","meta":{"ngg_post_thumbnail":0,"footnotes":""},"class_list":["post-5925","page","type-page","status-publish","hentry"],"translation":{"provider":"WPGlobus","version":"3.0.2","language":"en","enabled_languages":["de","en"],"languages":{"de":{"title":true,"content":true,"excerpt":false},"en":{"title":false,"content":false,"excerpt":false}}},"_links":{"self":[{"href":"https:\/\/unsere-natur.art\/en\/wp-json\/wp\/v2\/pages\/5925","targetHints":{"allow":["GET"]}}],"collection":[{"href":"https:\/\/unsere-natur.art\/en\/wp-json\/wp\/v2\/pages"}],"about":[{"href":"https:\/\/unsere-natur.art\/en\/wp-json\/wp\/v2\/types\/page"}],"author":[{"embeddable":true,"href":"https:\/\/unsere-natur.art\/en\/wp-json\/wp\/v2\/users\/1"}],"replies":[{"embeddable":true,"href":"https:\/\/unsere-natur.art\/en\/wp-json\/wp\/v2\/comments?post=5925"}],"version-history":[{"count":13,"href":"https:\/\/unsere-natur.art\/en\/wp-json\/wp\/v2\/pages\/5925\/revisions"}],"predecessor-version":[{"id":5953,"href":"https:\/\/unsere-natur.art\/en\/wp-json\/wp\/v2\/pages\/5925\/revisions\/5953"}],"wp:attachment":[{"href":"https:\/\/unsere-natur.art\/en\/wp-json\/wp\/v2\/media?parent=5925"}],"curies":[{"name":"wp","href":"https:\/\/api.w.org\/{rel}","templated":true}]}}